{"id":542,"date":"2018-11-27T09:17:28","date_gmt":"2018-11-27T09:17:28","guid":{"rendered":"https:\/\/standatokos.cz\/services\/"},"modified":"2025-03-29T17:22:39","modified_gmt":"2025-03-29T16:22:39","slug":"cim_se_zabyvam","status":"publish","type":"page","link":"https:\/\/standatokos.cz\/en\/cim_se_zabyvam\/","title":{"rendered":"\u010c\u00edm se zab\u00fdv\u00e1m"},"content":{"rendered":"<div data-elementor-type=\"wp-post\" data-elementor-id=\"542\" class=\"elementor elementor-542\">\n\t\t\t\t\t\t<section class=\"elementor-section elementor-top-section elementor-element elementor-element-33a79095 elementor-section-boxed elementor-section-height-default elementor-section-height-default\" data-id=\"33a79095\" data-element_type=\"section\" data-settings=\"{&quot;background_background&quot;:&quot;classic&quot;}\">\n\t\t\t\t\t\t\t<div class=\"elementor-background-overlay\"><\/div>\n\t\t\t\t\t\t\t<div class=\"elementor-container elementor-column-gap-default\">\n\t\t\t\t\t<div class=\"elementor-column elementor-col-100 elementor-top-column elementor-element elementor-element-3706530d\" data-id=\"3706530d\" data-element_type=\"column\">\n\t\t\t<div class=\"elementor-widget-wrap elementor-element-populated\">\n\t\t\t\t\t\t<div class=\"elementor-element elementor-element-537de1f elementor-widget elementor-widget-heading\" data-id=\"537de1f\" data-element_type=\"widget\" data-widget_type=\"heading.default\">\n\t\t\t\t<div class=\"elementor-widget-container\">\n\t\t\t<h1 class=\"elementor-heading-title elementor-size-default\">\u010c\u00edm se zab\u00fdv\u00e1m?<\/h1>\t\t<\/div>\n\t\t\t\t<\/div>\n\t\t\t\t\t<\/div>\n\t\t<\/div>\n\t\t\t\t\t<\/div>\n\t\t<\/section>\n\t\t\t\t<section class=\"elementor-section elementor-top-section elementor-element elementor-element-3f199cb elementor-section-boxed elementor-section-height-default elementor-section-height-default elementor-invisible\" data-id=\"3f199cb\" data-element_type=\"section\" data-settings=\"{&quot;animation&quot;:&quot;fadeInDown&quot;}\">\n\t\t\t\t\t\t<div class=\"elementor-container elementor-column-gap-default\">\n\t\t\t\t\t<div class=\"elementor-column elementor-col-33 elementor-top-column elementor-element elementor-element-16748c4\" data-id=\"16748c4\" data-element_type=\"column\">\n\t\t\t<div class=\"elementor-widget-wrap elementor-element-populated\">\n\t\t\t\t\t\t<div class=\"elementor-element elementor-element-e7f90eb elementor-widget-divider--view-line elementor-widget elementor-widget-divider\" data-id=\"e7f90eb\" data-element_type=\"widget\" data-widget_type=\"divider.default\">\n\t\t\t\t<div class=\"elementor-widget-container\">\n\t\t\t\t\t<div class=\"elementor-divider\">\n\t\t\t<span class=\"elementor-divider-separator\">\n\t\t\t\t\t\t<\/span>\n\t\t<\/div>\n\t\t\t\t<\/div>\n\t\t\t\t<\/div>\n\t\t\t\t<div class=\"elementor-element elementor-element-7e3a70d elementor-invisible elementor-widget elementor-widget-text-editor\" data-id=\"7e3a70d\" data-element_type=\"widget\" data-settings=\"{&quot;_animation&quot;:&quot;fadeInLeft&quot;}\" data-widget_type=\"text-editor.default\">\n\t\t\t\t<div class=\"elementor-widget-container\">\n\t\t\t\t\t\t\t<p><b>Webov\u00e9 str\u00e1nky<\/b><\/p><p><strong>Open Source\u00a0<\/strong><\/p><p><strong>Geoinformatika<\/strong><\/p><p><strong>Atlasy<\/strong><\/p><p><strong>Smart City<\/strong><\/p>\t\t\t\t\t\t<\/div>\n\t\t\t\t<\/div>\n\t\t\t\t<div class=\"elementor-element elementor-element-70fa76e elementor-widget-divider--view-line elementor-widget elementor-widget-divider\" data-id=\"70fa76e\" data-element_type=\"widget\" data-widget_type=\"divider.default\">\n\t\t\t\t<div class=\"elementor-widget-container\">\n\t\t\t\t\t<div class=\"elementor-divider\">\n\t\t\t<span class=\"elementor-divider-separator\">\n\t\t\t\t\t\t<\/span>\n\t\t<\/div>\n\t\t\t\t<\/div>\n\t\t\t\t<\/div>\n\t\t\t\t<div class=\"elementor-element elementor-element-18aca61 elementor-invisible elementor-widget elementor-widget-text-editor\" data-id=\"18aca61\" data-element_type=\"widget\" data-settings=\"{&quot;_animation&quot;:&quot;fadeInLeft&quot;}\" data-widget_type=\"text-editor.default\">\n\t\t\t\t<div class=\"elementor-widget-container\">\n\t\t\t\t\t\t\t<p><strong>HTML 5<\/strong><\/p><p><strong>CSS<\/strong><\/p><p><strong>JavaScript<\/strong><\/p><p><strong>jQuery<\/strong><\/p><p><b>React<\/b><\/p><p><strong>OpenLayers<\/strong><\/p><p><strong>Leaflet<\/strong><\/p><p><b>WordPress<\/b><\/p><p><b>Geoserver<\/b><\/p><p><b>Apache<\/b><\/p><p><b>Linux Ubuntu<\/b><\/p>\t\t\t\t\t\t<\/div>\n\t\t\t\t<\/div>\n\t\t\t\t\t<\/div>\n\t\t<\/div>\n\t\t\t\t<div class=\"elementor-column elementor-col-33 elementor-top-column elementor-element elementor-element-39dcaaf\" data-id=\"39dcaaf\" data-element_type=\"column\">\n\t\t\t<div class=\"elementor-widget-wrap elementor-element-populated\">\n\t\t\t\t\t\t<div class=\"elementor-element elementor-element-4982a41 elementor-invisible elementor-widget elementor-widget-image\" data-id=\"4982a41\" data-element_type=\"widget\" data-settings=\"{&quot;_animation&quot;:&quot;fadeInDown&quot;}\" data-widget_type=\"image.default\">\n\t\t\t\t<div class=\"elementor-widget-container\">\n\t\t\t\t\t\t\t\t\t\t\t\t\t<img fetchpriority=\"high\" decoding=\"async\" width=\"790\" height=\"641\" src=\"https:\/\/standatokos.cz\/wp-content\/uploads\/2025\/03\/technologyOSS.jpg\" class=\"attachment-large size-large wp-image-1076\" alt=\"\" srcset=\"https:\/\/standatokos.cz\/wp-content\/uploads\/2025\/03\/technologyOSS.jpg 790w, https:\/\/standatokos.cz\/wp-content\/uploads\/2025\/03\/technologyOSS-300x243.jpg 300w, https:\/\/standatokos.cz\/wp-content\/uploads\/2025\/03\/technologyOSS-768x623.jpg 768w, https:\/\/standatokos.cz\/wp-content\/uploads\/2025\/03\/technologyOSS-15x12.jpg 15w, https:\/\/standatokos.cz\/wp-content\/uploads\/2025\/03\/technologyOSS-600x487.jpg 600w\" sizes=\"(max-width: 790px) 100vw, 790px\" \/>\t\t\t\t\t\t\t\t\t\t\t\t\t<\/div>\n\t\t\t\t<\/div>\n\t\t\t\t<div class=\"elementor-element elementor-element-140d26c elementor-invisible elementor-widget elementor-widget-image\" data-id=\"140d26c\" data-element_type=\"widget\" data-settings=\"{&quot;_animation&quot;:&quot;fadeInLeft&quot;}\" data-widget_type=\"image.default\">\n\t\t\t\t<div class=\"elementor-widget-container\">\n\t\t\t\t\t\t\t\t\t\t\t\t\t<img decoding=\"async\" width=\"1280\" height=\"719\" src=\"https:\/\/standatokos.cz\/wp-content\/uploads\/2022\/10\/code-html-digital-1076536.jpg\" class=\"attachment-full size-full wp-image-595\" alt=\"code, html, digital-1076536.jpg\" srcset=\"https:\/\/standatokos.cz\/wp-content\/uploads\/2022\/10\/code-html-digital-1076536.jpg 1280w, https:\/\/standatokos.cz\/wp-content\/uploads\/2022\/10\/code-html-digital-1076536-600x337.jpg 600w, https:\/\/standatokos.cz\/wp-content\/uploads\/2022\/10\/code-html-digital-1076536-300x169.jpg 300w, https:\/\/standatokos.cz\/wp-content\/uploads\/2022\/10\/code-html-digital-1076536-1024x575.jpg 1024w, https:\/\/standatokos.cz\/wp-content\/uploads\/2022\/10\/code-html-digital-1076536-768x431.jpg 768w\" sizes=\"(max-width: 1280px) 100vw, 1280px\" \/>\t\t\t\t\t\t\t\t\t\t\t\t\t<\/div>\n\t\t\t\t<\/div>\n\t\t\t\t<div class=\"elementor-element elementor-element-4226f0f elementor-widget elementor-widget-image\" data-id=\"4226f0f\" data-element_type=\"widget\" data-widget_type=\"image.default\">\n\t\t\t\t<div class=\"elementor-widget-container\">\n\t\t\t\t\t\t\t\t\t\t\t\t\t<img decoding=\"async\" width=\"1024\" height=\"894\" src=\"https:\/\/standatokos.cz\/wp-content\/uploads\/2022\/10\/database-schema-data-tables-schema-1895779-1024x894.png\" class=\"attachment-large size-large wp-image-801\" alt=\"database schema, data tables, schema-1895779.jpg\" srcset=\"https:\/\/standatokos.cz\/wp-content\/uploads\/2022\/10\/database-schema-data-tables-schema-1895779-1024x894.png 1024w, https:\/\/standatokos.cz\/wp-content\/uploads\/2022\/10\/database-schema-data-tables-schema-1895779-600x524.png 600w, https:\/\/standatokos.cz\/wp-content\/uploads\/2022\/10\/database-schema-data-tables-schema-1895779-300x262.png 300w, https:\/\/standatokos.cz\/wp-content\/uploads\/2022\/10\/database-schema-data-tables-schema-1895779-768x671.png 768w, https:\/\/standatokos.cz\/wp-content\/uploads\/2022\/10\/database-schema-data-tables-schema-1895779.png 1280w\" sizes=\"(max-width: 1024px) 100vw, 1024px\" \/>\t\t\t\t\t\t\t\t\t\t\t\t\t<\/div>\n\t\t\t\t<\/div>\n\t\t\t\t\t<\/div>\n\t\t<\/div>\n\t\t\t\t<div class=\"elementor-column elementor-col-33 elementor-top-column elementor-element elementor-element-05a000b\" data-id=\"05a000b\" data-element_type=\"column\">\n\t\t\t<div class=\"elementor-widget-wrap elementor-element-populated\">\n\t\t\t\t\t\t<div class=\"elementor-element elementor-element-f41839c elementor-invisible elementor-widget elementor-widget-image\" data-id=\"f41839c\" data-element_type=\"widget\" data-settings=\"{&quot;_animation&quot;:&quot;fadeInRight&quot;}\" data-widget_type=\"image.default\">\n\t\t\t\t<div class=\"elementor-widget-container\">\n\t\t\t\t\t\t\t\t\t\t\t\t\t<img loading=\"lazy\" decoding=\"async\" width=\"1024\" height=\"778\" src=\"https:\/\/standatokos.cz\/wp-content\/uploads\/2022\/10\/web-web-designer-designer-3157323-1024x778.jpg\" class=\"attachment-large size-large wp-image-598\" alt=\"web, web designer, designer-3157323.jpg\" srcset=\"https:\/\/standatokos.cz\/wp-content\/uploads\/2022\/10\/web-web-designer-designer-3157323-1024x778.jpg 1024w, https:\/\/standatokos.cz\/wp-content\/uploads\/2022\/10\/web-web-designer-designer-3157323-600x456.jpg 600w, https:\/\/standatokos.cz\/wp-content\/uploads\/2022\/10\/web-web-designer-designer-3157323-300x228.jpg 300w, https:\/\/standatokos.cz\/wp-content\/uploads\/2022\/10\/web-web-designer-designer-3157323-768x583.jpg 768w, https:\/\/standatokos.cz\/wp-content\/uploads\/2022\/10\/web-web-designer-designer-3157323.jpg 1280w\" sizes=\"(max-width: 1024px) 100vw, 1024px\" \/>\t\t\t\t\t\t\t\t\t\t\t\t\t<\/div>\n\t\t\t\t<\/div>\n\t\t\t\t<div class=\"elementor-element elementor-element-0335dbe elementor-invisible elementor-widget elementor-widget-image\" data-id=\"0335dbe\" data-element_type=\"widget\" data-settings=\"{&quot;_animation&quot;:&quot;fadeInUp&quot;}\" data-widget_type=\"image.default\">\n\t\t\t\t<div class=\"elementor-widget-container\">\n\t\t\t\t\t\t\t\t\t\t\t\t\t<img loading=\"lazy\" decoding=\"async\" width=\"724\" height=\"1024\" src=\"https:\/\/standatokos.cz\/wp-content\/uploads\/2022\/10\/Mapa_13-724x1024.jpg\" class=\"attachment-large size-large wp-image-594\" alt=\"\" srcset=\"https:\/\/standatokos.cz\/wp-content\/uploads\/2022\/10\/Mapa_13-724x1024.jpg 724w, https:\/\/standatokos.cz\/wp-content\/uploads\/2022\/10\/Mapa_13-scaled-600x849.jpg 600w, https:\/\/standatokos.cz\/wp-content\/uploads\/2022\/10\/Mapa_13-212x300.jpg 212w, https:\/\/standatokos.cz\/wp-content\/uploads\/2022\/10\/Mapa_13-768x1086.jpg 768w, https:\/\/standatokos.cz\/wp-content\/uploads\/2022\/10\/Mapa_13-1086x1536.jpg 1086w, https:\/\/standatokos.cz\/wp-content\/uploads\/2022\/10\/Mapa_13-1448x2048.jpg 1448w, https:\/\/standatokos.cz\/wp-content\/uploads\/2022\/10\/Mapa_13-scaled.jpg 1810w\" sizes=\"(max-width: 724px) 100vw, 724px\" \/>\t\t\t\t\t\t\t\t\t\t\t\t\t<\/div>\n\t\t\t\t<\/div>\n\t\t\t\t\t<\/div>\n\t\t<\/div>\n\t\t\t\t\t<\/div>\n\t\t<\/section>\n\t\t\t\t<\/div>","protected":false},"excerpt":{"rendered":"<p>\u010c\u00edm se zab\u00fdv\u00e1m? Webov\u00e9 str\u00e1nky Open Source\u00a0 Geoinformatika Atlasy Smart City HTML 5 CSS JavaScript jQuery React OpenLayers Leaflet WordPress Geoserver Apache Linux Ubuntu<\/p>","protected":false},"author":1,"featured_media":0,"parent":0,"menu_order":0,"comment_status":"closed","ping_status":"closed","template":"","meta":{"site-sidebar-layout":"no-sidebar","site-content-layout":"page-builder","ast-global-header-display":"","ast-main-header-display":"","ast-hfb-above-header-display":"","ast-hfb-below-header-display":"","ast-hfb-mobile-header-display":"","site-post-title":"disabled","ast-breadcrumbs-content":"","ast-featured-img":"disabled","footer-sml-layout":"","theme-transparent-header-meta":"enabled","adv-header-id-meta":"","stick-header-meta":"","header-above-stick-meta":"","header-main-stick-meta":"","header-below-stick-meta":"","footnotes":""},"class_list":["post-542","page","type-page","status-publish","hentry"],"yoast_head":"<!-- This site is optimized with the Yoast SEO plugin v23.6 - https:\/\/yoast.com\/wordpress\/plugins\/seo\/ -->\n<title>\u010c\u00edm se zab\u00fdv\u00e1m - standatokos<\/title>\n<meta name=\"robots\" content=\"index, follow, max-snippet:-1, max-image-preview:large, max-video-preview:-1\" \/>\n<link rel=\"canonical\" href=\"https:\/\/standatokos.cz\/en\/cim_se_zabyvam\/\" \/>\n<meta property=\"og:locale\" content=\"en_GB\" \/>\n<meta property=\"og:type\" content=\"article\" \/>\n<meta property=\"og:title\" content=\"\u010c\u00edm se zab\u00fdv\u00e1m - standatokos\" \/>\n<meta property=\"og:description\" content=\"\u010c\u00edm se zab\u00fdv\u00e1m? Webov\u00e9 str\u00e1nky Open Source\u00a0 Geoinformatika Atlasy Smart City HTML 5 CSS JavaScript jQuery React OpenLayers Leaflet WordPress Geoserver Apache Linux Ubuntu\" \/>\n<meta property=\"og:url\" content=\"https:\/\/standatokos.cz\/en\/cim_se_zabyvam\/\" \/>\n<meta property=\"og:site_name\" content=\"standatokos\" \/>\n<meta property=\"article:modified_time\" content=\"2025-03-29T16:22:39+00:00\" \/>\n<meta property=\"og:image\" content=\"https:\/\/standatokos.cz\/wp-content\/uploads\/2025\/03\/technologyOSS.jpg\" \/>\n\t<meta property=\"og:image:width\" content=\"790\" \/>\n\t<meta property=\"og:image:height\" content=\"641\" \/>\n\t<meta property=\"og:image:type\" content=\"image\/jpeg\" \/>\n<meta name=\"twitter:card\" content=\"summary_large_image\" \/>\n<meta name=\"twitter:site\" content=\"@home\" \/>\n<meta name=\"twitter:label1\" content=\"Estimated reading time\" \/>\n\t<meta name=\"twitter:data1\" content=\"2 minutes\" \/>\n<script type=\"application\/ld+json\" class=\"yoast-schema-graph\">{\"@context\":\"https:\/\/schema.org\",\"@graph\":[{\"@type\":\"WebPage\",\"@id\":\"https:\/\/standatokos.cz\/cim_se_zabyvam\/\",\"url\":\"https:\/\/standatokos.cz\/cim_se_zabyvam\/\",\"name\":\"\u010c\u00edm se zab\u00fdv\u00e1m - standatokos\",\"isPartOf\":{\"@id\":\"https:\/\/standatokos.cz\/#website\"},\"primaryImageOfPage\":{\"@id\":\"https:\/\/standatokos.cz\/cim_se_zabyvam\/#primaryimage\"},\"image\":{\"@id\":\"https:\/\/standatokos.cz\/cim_se_zabyvam\/#primaryimage\"},\"thumbnailUrl\":\"https:\/\/standatokos.cz\/wp-content\/uploads\/2025\/03\/technologyOSS.jpg\",\"datePublished\":\"2018-11-27T09:17:28+00:00\",\"dateModified\":\"2025-03-29T16:22:39+00:00\",\"breadcrumb\":{\"@id\":\"https:\/\/standatokos.cz\/cim_se_zabyvam\/#breadcrumb\"},\"inLanguage\":\"en-GB\",\"potentialAction\":[{\"@type\":\"ReadAction\",\"target\":[\"https:\/\/standatokos.cz\/cim_se_zabyvam\/\"]}]},{\"@type\":\"ImageObject\",\"inLanguage\":\"en-GB\",\"@id\":\"https:\/\/standatokos.cz\/cim_se_zabyvam\/#primaryimage\",\"url\":\"https:\/\/standatokos.cz\/wp-content\/uploads\/2025\/03\/technologyOSS.jpg\",\"contentUrl\":\"https:\/\/standatokos.cz\/wp-content\/uploads\/2025\/03\/technologyOSS.jpg\"},{\"@type\":\"BreadcrumbList\",\"@id\":\"https:\/\/standatokos.cz\/cim_se_zabyvam\/#breadcrumb\",\"itemListElement\":[{\"@type\":\"ListItem\",\"position\":1,\"name\":\"Dom\u016f\",\"item\":\"https:\/\/standatokos.cz\/\"},{\"@type\":\"ListItem\",\"position\":2,\"name\":\"\u010c\u00edm se zab\u00fdv\u00e1m\"}]},{\"@type\":\"WebSite\",\"@id\":\"https:\/\/standatokos.cz\/#website\",\"url\":\"https:\/\/standatokos.cz\/\",\"name\":\"standatokos\",\"description\":\"Webov\u00e1 prezentace o k\u00f3dov\u00e1n\u00ed str\u00e1nek a GIS\",\"publisher\":{\"@id\":\"https:\/\/standatokos.cz\/#\/schema\/person\/e2e271b796b72bd5fe1c1d582da9c865\"},\"potentialAction\":[{\"@type\":\"SearchAction\",\"target\":{\"@type\":\"EntryPoint\",\"urlTemplate\":\"https:\/\/standatokos.cz\/?s={search_term_string}\"},\"query-input\":{\"@type\":\"PropertyValueSpecification\",\"valueRequired\":true,\"valueName\":\"search_term_string\"}}],\"inLanguage\":\"en-GB\"},{\"@type\":[\"Person\",\"Organization\"],\"@id\":\"https:\/\/standatokos.cz\/#\/schema\/person\/e2e271b796b72bd5fe1c1d582da9c865\",\"name\":\"admin\",\"image\":{\"@type\":\"ImageObject\",\"inLanguage\":\"en-GB\",\"@id\":\"https:\/\/standatokos.cz\/#\/schema\/person\/image\/\",\"url\":\"https:\/\/standatokos.cz\/wp-content\/uploads\/2022\/10\/st_logo.jpg\",\"contentUrl\":\"https:\/\/standatokos.cz\/wp-content\/uploads\/2022\/10\/st_logo.jpg\",\"width\":410,\"height\":181,\"caption\":\"admin\"},\"logo\":{\"@id\":\"https:\/\/standatokos.cz\/#\/schema\/person\/image\/\"},\"sameAs\":[\"http:\/\/standatokos.cz\",\"https:\/\/www.linkedin.com\/in\/standa-toko-697715187\/\"]}]}<\/script>\n<!-- \/ Yoast SEO plugin. -->","yoast_head_json":{"title":"\u010c\u00edm se zab\u00fdv\u00e1m - standatokos","robots":{"index":"index","follow":"follow","max-snippet":"max-snippet:-1","max-image-preview":"max-image-preview:large","max-video-preview":"max-video-preview:-1"},"canonical":"https:\/\/standatokos.cz\/en\/cim_se_zabyvam\/","og_locale":"en_GB","og_type":"article","og_title":"\u010c\u00edm se zab\u00fdv\u00e1m - standatokos","og_description":"\u010c\u00edm se zab\u00fdv\u00e1m? Webov\u00e9 str\u00e1nky Open Source\u00a0 Geoinformatika Atlasy Smart City HTML 5 CSS JavaScript jQuery React OpenLayers Leaflet WordPress Geoserver Apache Linux Ubuntu","og_url":"https:\/\/standatokos.cz\/en\/cim_se_zabyvam\/","og_site_name":"standatokos","article_modified_time":"2025-03-29T16:22:39+00:00","og_image":[{"width":790,"height":641,"url":"https:\/\/standatokos.cz\/wp-content\/uploads\/2025\/03\/technologyOSS.jpg","type":"image\/jpeg"}],"twitter_card":"summary_large_image","twitter_site":"@home","twitter_misc":{"Estimated reading time":"2 minutes"},"schema":{"@context":"https:\/\/schema.org","@graph":[{"@type":"WebPage","@id":"https:\/\/standatokos.cz\/cim_se_zabyvam\/","url":"https:\/\/standatokos.cz\/cim_se_zabyvam\/","name":"\u010c\u00edm se zab\u00fdv\u00e1m - standatokos","isPartOf":{"@id":"https:\/\/standatokos.cz\/#website"},"primaryImageOfPage":{"@id":"https:\/\/standatokos.cz\/cim_se_zabyvam\/#primaryimage"},"image":{"@id":"https:\/\/standatokos.cz\/cim_se_zabyvam\/#primaryimage"},"thumbnailUrl":"https:\/\/standatokos.cz\/wp-content\/uploads\/2025\/03\/technologyOSS.jpg","datePublished":"2018-11-27T09:17:28+00:00","dateModified":"2025-03-29T16:22:39+00:00","breadcrumb":{"@id":"https:\/\/standatokos.cz\/cim_se_zabyvam\/#breadcrumb"},"inLanguage":"en-GB","potentialAction":[{"@type":"ReadAction","target":["https:\/\/standatokos.cz\/cim_se_zabyvam\/"]}]},{"@type":"ImageObject","inLanguage":"en-GB","@id":"https:\/\/standatokos.cz\/cim_se_zabyvam\/#primaryimage","url":"https:\/\/standatokos.cz\/wp-content\/uploads\/2025\/03\/technologyOSS.jpg","contentUrl":"https:\/\/standatokos.cz\/wp-content\/uploads\/2025\/03\/technologyOSS.jpg"},{"@type":"BreadcrumbList","@id":"https:\/\/standatokos.cz\/cim_se_zabyvam\/#breadcrumb","itemListElement":[{"@type":"ListItem","position":1,"name":"Dom\u016f","item":"https:\/\/standatokos.cz\/"},{"@type":"ListItem","position":2,"name":"\u010c\u00edm se zab\u00fdv\u00e1m"}]},{"@type":"WebSite","@id":"https:\/\/standatokos.cz\/#website","url":"https:\/\/standatokos.cz\/","name":"standatokos","description":"Webov\u00e1 prezentace o k\u00f3dov\u00e1n\u00ed str\u00e1nek a GIS","publisher":{"@id":"https:\/\/standatokos.cz\/#\/schema\/person\/e2e271b796b72bd5fe1c1d582da9c865"},"potentialAction":[{"@type":"SearchAction","target":{"@type":"EntryPoint","urlTemplate":"https:\/\/standatokos.cz\/?s={search_term_string}"},"query-input":{"@type":"PropertyValueSpecification","valueRequired":true,"valueName":"search_term_string"}}],"inLanguage":"en-GB"},{"@type":["Person","Organization"],"@id":"https:\/\/standatokos.cz\/#\/schema\/person\/e2e271b796b72bd5fe1c1d582da9c865","name":"admin","image":{"@type":"ImageObject","inLanguage":"en-GB","@id":"https:\/\/standatokos.cz\/#\/schema\/person\/image\/","url":"https:\/\/standatokos.cz\/wp-content\/uploads\/2022\/10\/st_logo.jpg","contentUrl":"https:\/\/standatokos.cz\/wp-content\/uploads\/2022\/10\/st_logo.jpg","width":410,"height":181,"caption":"admin"},"logo":{"@id":"https:\/\/standatokos.cz\/#\/schema\/person\/image\/"},"sameAs":["http:\/\/standatokos.cz","https:\/\/www.linkedin.com\/in\/standa-toko-697715187\/"]}]}},"_links":{"self":[{"href":"https:\/\/standatokos.cz\/en\/wp-json\/wp\/v2\/pages\/542"}],"collection":[{"href":"https:\/\/standatokos.cz\/en\/wp-json\/wp\/v2\/pages"}],"about":[{"href":"https:\/\/standatokos.cz\/en\/wp-json\/wp\/v2\/types\/page"}],"author":[{"embeddable":true,"href":"https:\/\/standatokos.cz\/en\/wp-json\/wp\/v2\/users\/1"}],"replies":[{"embeddable":true,"href":"https:\/\/standatokos.cz\/en\/wp-json\/wp\/v2\/comments?post=542"}],"version-history":[{"count":46,"href":"https:\/\/standatokos.cz\/en\/wp-json\/wp\/v2\/pages\/542\/revisions"}],"predecessor-version":[{"id":1079,"href":"https:\/\/standatokos.cz\/en\/wp-json\/wp\/v2\/pages\/542\/revisions\/1079"}],"wp:attachment":[{"href":"https:\/\/standatokos.cz\/en\/wp-json\/wp\/v2\/media?parent=542"}],"curies":[{"name":"wp","href":"https:\/\/api.w.org\/{rel}","templated":true}]}}